{"id":572,"date":"2025-09-28T22:41:20","date_gmt":"2025-09-28T20:41:20","guid":{"rendered":"https:\/\/meridian-cross.com\/p4f\/?post_type=product&#038;p=572"},"modified":"2025-10-05T18:16:03","modified_gmt":"2025-10-05T16:16:03","slug":"print4friends-5x-basisauftrag-discount","status":"publish","type":"product","link":"https:\/\/meridian-cross.com\/p4f\/produkt\/print4friends-5x-basisauftrag-discount\/","title":{"rendered":"print4friends &#8211; 5x Basisauftrag discount"},"content":{"rendered":"<p>Du erh\u00e4ltst f\u00fcr 5 Auftr\u00e4ge in unserem Store die Rabattierung auf den Basisauftrag (i.H.v. \u20ac 4.-).<\/p>\n<p>Dieser Gutschein ist f\u00fcr 6 Monate g\u00fcltig, bei Nichtgebrauch verf\u00e4llt dieser und kann nicht auf andere Gutscheine angerechnet werden.<\/p>\n","protected":false},"excerpt":{"rendered":"<p>Du erh\u00e4ltst f\u00fcr 5 Auftr\u00e4ge in unserem Store die Rabattierung auf den Basisauftrag (i.H.v. \u20ac 4.-). Dieser Gutschein ist f\u00fcr 6 Monate g\u00fcltig, bei Nichtgebrauch verf\u00e4llt dieser und kann nicht auf andere Gutscheine angerechnet werden.<\/p>\n","protected":false},"featured_media":86,"template":"","meta":[],"product_brand":[71],"product_cat":[41],"product_tag":[],"class_list":{"0":"post-572","1":"product","2":"type-product","3":"status-publish","4":"has-post-thumbnail","6":"product_brand-print4friends","7":"product_cat-print4friends","9":"first","10":"instock","11":"virtual","12":"sold-individually","13":"purchasable","14":"product-type-simple"},"jetpack_sharing_enabled":true,"_links":{"self":[{"href":"https:\/\/meridian-cross.com\/p4f\/wp-json\/wp\/v2\/product\/572","targetHints":{"allow":["GET"]}}],"collection":[{"href":"https:\/\/meridian-cross.com\/p4f\/wp-json\/wp\/v2\/product"}],"about":[{"href":"https:\/\/meridian-cross.com\/p4f\/wp-json\/wp\/v2\/types\/product"}],"wp:featuredmedia":[{"embeddable":true,"href":"https:\/\/meridian-cross.com\/p4f\/wp-json\/wp\/v2\/media\/86"}],"wp:attachment":[{"href":"https:\/\/meridian-cross.com\/p4f\/wp-json\/wp\/v2\/media?parent=572"}],"wp:term":[{"taxonomy":"product_brand","embeddable":true,"href":"https:\/\/meridian-cross.com\/p4f\/wp-json\/wp\/v2\/product_brand?post=572"},{"taxonomy":"product_cat","embeddable":true,"href":"https:\/\/meridian-cross.com\/p4f\/wp-json\/wp\/v2\/product_cat?post=572"},{"taxonomy":"product_tag","embeddable":true,"href":"https:\/\/meridian-cross.com\/p4f\/wp-json\/wp\/v2\/product_tag?post=572"}],"curies":[{"name":"wp","href":"https:\/\/api.w.org\/{rel}","templated":true}]}}