{"id":83,"date":"2025-09-21T15:59:44","date_gmt":"2025-09-21T13:59:44","guid":{"rendered":"https:\/\/meridian-cross.com\/p4f\/impressum-privacy\/"},"modified":"2025-10-05T15:29:04","modified_gmt":"2025-10-05T13:29:04","slug":"impressum-privacy","status":"publish","type":"page","link":"https:\/\/meridian-cross.com\/p4f\/impressum-privacy\/","title":{"rendered":"impressum &#038; privacy"},"content":{"rendered":"<div data-colibri-id=\"83-c1\" class=\"style-354 style-local-83-c1 position-relative\">\n  <!---->\n  <div data-colibri-component=\"section\" data-colibri-id=\"83-c2\" id=\"custom\" class=\"h-section h-section-global-spacing d-flex align-items-lg-center align-items-md-center align-items-center style-355 style-local-83-c2 position-relative\">\n    <!---->\n    <!---->\n    <div class=\"h-section-grid-container h-section-boxed-container\">\n      <!---->\n      <div data-colibri-id=\"83-c3\" class=\"h-row-container gutters-row-lg-2 gutters-row-md-2 gutters-row-0 gutters-row-v-lg-2 gutters-row-v-md-2 gutters-row-v-2 style-356 style-local-83-c3 position-relative\">\n        <!---->\n        <div class=\"h-row justify-content-lg-center justify-content-md-center justify-content-center align-items-lg-stretch align-items-md-stretch align-items-stretch gutters-col-lg-2 gutters-col-md-2 gutters-col-0 gutters-col-v-lg-2 gutters-col-v-md-2 gutters-col-v-2\">\n          <!---->\n          <div class=\"h-column h-column-container d-flex h-col-lg-auto h-col-md-auto h-col-auto style-357-outer style-local-83-c4-outer\">\n            <div data-colibri-id=\"83-c4\" class=\"d-flex h-flex-basis h-column__inner h-px-lg-2 h-px-md-2 h-px-2 v-inner-lg-2 v-inner-md-2 v-inner-2 style-357 style-local-83-c4 position-relative\">\n              <!---->\n              <!---->\n              <div class=\"w-100 h-y-container h-column__content h-column__v-align flex-basis-100 align-self-lg-start align-self-md-start align-self-start\">\n                <!---->\n                <div data-colibri-id=\"83-c5\" class=\"h-text h-text-component style-358 style-local-83-c5 position-relative h-element\">\n                  <!---->\n                  <!---->\n                  <div class=\"\">\n                    <h1>Impressum \/ privacy policy<\/h1>\n                    <h2>\n                      <br>\n                    <\/h2>\n                    <p><strong>Anbieterkennzeichnung gem\u00e4\u00df \u00a75 Telemediengesetz<\/strong><\/p>\n                    <p><strong>Verantwortlich f\u00fcr den Inhalt:<\/strong><\/p>\n                    <p><strong>Meridian Cross UG (haftungsbeschr\u00e4nkt)<\/strong>\n                      <br>Normannenweg 17-21\n                      <br>D-20537 Hamburg<\/p>\n                    <p>tel. +49 (0)40 609 425 401\n                      <br>fax +49 (0)40 609 425 402\n                      <br>email: mail@meridian-cross.com\n                      <br>Internet: www.meridian-cross.com\n                      <br>\n                      <br>Eintragungen:\n                      <br>Handelsregister:&nbsp;HRB 166935 (Register-\/Amtsgericht Hamburg)\n                      <br>Umsatzsteuerident-Nr:&nbsp;DE338878039<\/p>\n                    <h3><strong>Hinweis zur Teilnahme am Streitbeilegungsverfahren:<\/strong><\/h3>\n                    <p><em>Wir sind nicht bereit oder verpflichtet, an Streitbeilegungsverfahren vor einer Verbraucherschlichtungsstelle teilzunehmen.<\/em><\/p>\n                    <p><strong>Disclaimer \u2013 rechtliche Hinweise<\/strong><\/p>\n                    <p><strong>1. Haftungsbeschr\u00e4nkung<\/strong>\n                      <br>Die Inhalte des Internetauftritts wurden mit gr\u00f6\u00dftm\u00f6glicher Sorgfalt und nach bestem Gewissen erstellt.\n                      <br>Dennoch \u00fcbernimmt der Anbieter dieser Webseite keine Gew\u00e4hr f\u00fcr die Aktualit\u00e4t, Vollst\u00e4ndigkeit und Richtigkeit der bereitgestellten Seiten und Inhalte.<\/p>\n                    <p>Als Diensteanbieter ist der Anbieter dieser Webseite gem\u00e4\u00df \u00a7 7 Abs. 1 TMG f\u00fcr eigene Inhalte und bereitgestellte Informationen auf diesen Seiten nach den allgemeinen Gesetzen verantwortlich; nach den \u00a7\u00a7 8 bis 10 TMG jedoch nicht verpflichtet,\n                      die \u00fcbermittelten oder gespeicherten fremden Informationen zu \u00fcberwachen.\n                      <br>Eine Entfernung oder Sperrung dieser Inhalte erfolgt umgehend ab dem Zeitpunkt der Kenntnis einer konkreten Rechtsverletzung.\n                      <br>Eine Haftung ist erst ab dem Zeitpunkt der Kenntniserlangung m\u00f6glich.<\/p>\n                    <p><strong>2. Externe Links<\/strong>\n                      <br>Die Webseite enth\u00e4lt sog. \u201eexterne Links\u201c (Verlinkungen) zu anderen Webseiten, auf deren Inhalt der Anbieter der Webseite keinen Einfluss hat.\n                      <br>Aus diesem Grund kann der Anbieter f\u00fcr diese Inhalte auch keine Gew\u00e4hr \u00fcbernehmen.\n                      <br>F\u00fcr die Inhalte und Richtigkeit der bereitgestellten Informationen ist der jeweilige Anbieter der verlinkten Webseite verantwortlich.\n                      <br>Zum Zeitpunkt der Verlinkung waren keine Rechtsverst\u00f6\u00dfe erkennbar. Bei Bekanntwerden einer solchen Rechtsverletzung wird der Link umgehend entfernen.<\/p>\n                    <p><strong>3. Urheberrecht\/Leistungsschutzrecht<\/strong>\n                      <br>Die auf dieser Webseite ver\u00f6ffentlichten Inhalte, Werke und bereitgestellten Informationen unterliegen dem deutschen Urheberrecht und Leistungsschutzrecht. Jede Art der Vervielf\u00e4ltigung, Bearbeitung, Verbreitung, Einspeicherung und\n                      jede Art der Verwertung au\u00dferhalb der Grenzen des Urheberrechts bedarf der vorherigen schriftlichen Zustimmung des jeweiligen Rechteinhabers. Das unerlaubte Kopieren\/Speichern der bereitgestellten Informationen auf diesen Webseiten\n                      ist nicht gestattet und strafbar.<\/p>\n                    <p><strong>4. Datenschutz<\/strong>\n                      <br>Durch den Besuch des Internetauftritts k\u00f6nnen Informationen (Datum, Uhrzeit, aufgerufene Seite) \u00fcber den Zugriff auf dem Server gespeichert werden.\n                      <br>Es werden keine personenbezogenenen (z. B. Name, Anschrift oder E-Mail-Adresse) Daten, gespeichert.<\/p>\n                    <p>Sofern personenbezogene Daten erhoben werden, erfolgt dies, sofern m\u00f6glich, nur mit dem vorherigen Einverst\u00e4ndnis des Nutzers der Webseite.\n                      <br>Eine Weitergabe der Daten an Dritte findet ohne ausdr\u00fcckliche Zustimmung des Nutzers nicht statt.<\/p>\n                    <p>Der Anbieter weist darauf hin, dass die \u00dcbertragung von Daten im Internet (z. B. per E-Mail) Sicherheitsl\u00fccken aufweisen und ein l\u00fcckenloser Schutz der Daten vor dem Zugriff Dritter nicht gew\u00e4hrleistet werden kann.\n                      <br>Der Anbieter \u00fcbernimmt keine Haftung f\u00fcr die durch solche Sicherheitsl\u00fccken entstandenen Sch\u00e4den.<\/p>\n                    <p>Der Verwendung der Kontaktdaten durch Dritte zur gewerblichen Nutzung wird ausdr\u00fccklich widersprochen. Es sei denn, der Anbieter hat zuvor seine schriftliche Einwilligung erteilt.\n                      <br>Der Anbieter beh\u00e4lt sich rechtliche Schritte f\u00fcr den Fall der unverlangten Zusendung von Werbeinformationen, z. B. durch Spam-Mails, vor.<\/p>\n                    <p><strong>Quelle<\/strong>:&nbsp;\n                      <a href=\"http:\/\/www.mustervorlage.net\" style=\"color: rgb(3, 169, 244); font-size: 1em; font-weight: 400; font-family: &quot;Open Sans&quot;;\">Mustervorlage.net<\/a>\n                    <\/p>\n                    <p>\n                      <br>\n                    <\/p>\n                  <\/div>\n                <\/div>\n              <\/div>\n            <\/div>\n          <\/div>\n        <\/div>\n      <\/div>\n    <\/div>\n  <\/div>\n<\/div>","protected":false},"excerpt":{"rendered":"<p>Impressum \/ privacy policy Anbieterkennzeichnung gem\u00e4\u00df \u00a75 Telemediengesetz Verantwortlich f\u00fcr den Inhalt: Meridian Cross UG (haftungsbeschr\u00e4nkt) Normannenweg 17-21 D-20537 Hamburg tel. +49 (0)40 609 425 401 fax +49 (0)40 609 425 402 email: mail@meridian-cross.com Internet: www.meridian-cross.com Eintragungen: Handelsregister:&nbsp;HRB 166935 (Register-\/Amtsgericht Hamburg) Umsatzsteuerident-Nr:&nbsp;DE338878039 Hinweis zur Teilnahme am Streitbeilegungsverfahren: Wir sind nicht bereit oder verpflichtet, an Streitbeilegungsverfahren [&hellip;]<\/p>\n","protected":false},"author":1,"featured_media":0,"parent":0,"menu_order":0,"comment_status":"closed","ping_status":"closed","template":"page-templates\/full-width-page.php","meta":{"footnotes":""},"class_list":["post-83","page","type-page","status-publish","hentry"],"jetpack_sharing_enabled":true,"_links":{"self":[{"href":"https:\/\/meridian-cross.com\/p4f\/wp-json\/wp\/v2\/pages\/83","targetHints":{"allow":["GET"]}}],"collection":[{"href":"https:\/\/meridian-cross.com\/p4f\/wp-json\/wp\/v2\/pages"}],"about":[{"href":"https:\/\/meridian-cross.com\/p4f\/wp-json\/wp\/v2\/types\/page"}],"author":[{"embeddable":true,"href":"https:\/\/meridian-cross.com\/p4f\/wp-json\/wp\/v2\/users\/1"}],"replies":[{"embeddable":true,"href":"https:\/\/meridian-cross.com\/p4f\/wp-json\/wp\/v2\/comments?post=83"}],"version-history":[{"count":1,"href":"https:\/\/meridian-cross.com\/p4f\/wp-json\/wp\/v2\/pages\/83\/revisions"}],"predecessor-version":[{"id":799,"href":"https:\/\/meridian-cross.com\/p4f\/wp-json\/wp\/v2\/pages\/83\/revisions\/799"}],"wp:attachment":[{"href":"https:\/\/meridian-cross.com\/p4f\/wp-json\/wp\/v2\/media?parent=83"}],"curies":[{"name":"wp","href":"https:\/\/api.w.org\/{rel}","templated":true}]}}