{"id":249,"date":"2025-09-22T21:02:13","date_gmt":"2025-09-22T19:02:13","guid":{"rendered":"https:\/\/meridian-cross.com\/p4f\/warenkorb\/"},"modified":"2025-10-05T18:01:34","modified_gmt":"2025-10-05T16:01:34","slug":"warenkorb","status":"publish","type":"page","link":"https:\/\/meridian-cross.com\/p4f\/warenkorb\/","title":{"rendered":"Warenkorb"},"content":{"rendered":"\n<div data-block-name=\"woocommerce\/cart\" class=\"wp-block-woocommerce-cart alignwide is-loading\">\n<div data-block-name=\"woocommerce\/filled-cart-block\" class=\"wp-block-woocommerce-filled-cart-block\">\n<div data-block-name=\"woocommerce\/cart-items-block\" class=\"wp-block-woocommerce-cart-items-block\">\n<div data-block-name=\"woocommerce\/cart-line-items-block\" class=\"wp-block-woocommerce-cart-line-items-block\"><\/div>\n\n\n\n\n\n<p><strong>ACHTUNG &#8211; HINWEIS ZUM WIDERRUF:<\/strong><\/p>\n\n\n\n<p>Sie haben&nbsp;<strong>kein Widerrufsrecht<\/strong>&nbsp;bei Vertr\u00e4gen zur Lieferung von Waren, die&nbsp;<strong>nicht vorgefertigt<\/strong>&nbsp;sind und f\u00fcr deren Herstellung eine&nbsp;<strong>individuelle Auswahl oder Bestimmung<\/strong>&nbsp;durch den Verbraucher ma\u00dfgeblich ist oder die eindeutig auf die&nbsp;<strong>pers\u00f6nlichen Bed\u00fcrfnisse<\/strong>&nbsp;des Verbrauchers zugeschnitten sind (\u00a7312g Abs. 2 Nr. 1 BGB).<\/p>\n\n\n\n<p>Da der 3D-Druck des von Ihnen bestellten Objekts&nbsp;<strong>speziell nach der von Ihnen hochgeladenen digitalen Vorlage<\/strong>&nbsp;(CAD-Datei) angefertigt wird und diese Ware nicht ohne weiteres weiterver\u00e4u\u00dfert werden kann,&nbsp;<strong>besteht kein gesetzliches Widerrufsrecht<\/strong>.<\/p>\n<\/div>\n\n\n\n<div data-block-name=\"woocommerce\/cart-totals-block\" class=\"wp-block-woocommerce-cart-totals-block\"><div data-block-name=\"woocommerce-germanized\/cart-summary-item\" class=\"wp-block-woocommerce-germanized-cart-summary-item\"><\/div>\n<div data-block-name=\"woocommerce\/cart-order-summary-block\" class=\"wp-block-woocommerce-cart-order-summary-block\">\n<div data-block-name=\"woocommerce\/cart-order-summary-heading-block\" data-content=\"Warenkorb-Summe\" class=\"wp-block-woocommerce-cart-order-summary-heading-block\"><\/div>\n\n\n\n<div data-block-name=\"woocommerce\/cart-order-summary-coupon-form-block\" class=\"wp-block-woocommerce-cart-order-summary-coupon-form-block\"><\/div>\n\n\n\n<div data-block-name=\"woocommerce\/cart-order-summary-totals-block\" class=\"wp-block-woocommerce-cart-order-summary-totals-block\">\n<div data-block-name=\"woocommerce\/cart-order-summary-subtotal-block\" class=\"wp-block-woocommerce-cart-order-summary-subtotal-block\"><\/div>\n\n\n\n<div data-block-name=\"woocommerce\/cart-order-summary-fee-block\" class=\"wp-block-woocommerce-cart-order-summary-fee-block\"><\/div>\n\n\n\n<div data-block-name=\"woocommerce\/cart-order-summary-discount-block\" class=\"wp-block-woocommerce-cart-order-summary-discount-block\"><\/div>\n\n\n\n<div data-block-name=\"woocommerce\/cart-order-summary-shipping-block\" class=\"wp-block-woocommerce-cart-order-summary-shipping-block\"><\/div>\n\n\n\n<div data-block-name=\"woocommerce\/cart-order-summary-taxes-block\" class=\"wp-block-woocommerce-cart-order-summary-taxes-block\"><\/div>\n<\/div>\n<\/div>\n\n\n\n<div data-block-name=\"woocommerce\/cart-express-payment-block\" class=\"wp-block-woocommerce-cart-express-payment-block\"><\/div>\n\n\n\n<div data-block-name=\"woocommerce\/proceed-to-checkout-block\" class=\"wp-block-woocommerce-proceed-to-checkout-block\"><\/div>\n\n\n\n<div data-block-name=\"woocommerce\/cart-accepted-payment-methods-block\" class=\"wp-block-woocommerce-cart-accepted-payment-methods-block\"><\/div>\n<\/div>\n<\/div>\n\n\n\n<div data-block-name=\"woocommerce\/empty-cart-block\" class=\"wp-block-woocommerce-empty-cart-block\">\n<h2 class=\"wp-block-heading has-text-align-center with-empty-cart-icon wc-block-cart__empty-cart__title\">Ihr Warenkorb ist gerade leer!<\/h2>\n\n\n\n<hr class=\"wp-block-separator has-alpha-channel-opacity is-style-dots\"\/>\n\n\n\n<h2 class=\"wp-block-heading has-text-align-center\">Neu im Shop<\/h2>\n\n\n<div data-block-name=\"woocommerce\/product-new\" data-columns=\"4\" data-rows=\"1\" class=\"wc-block-grid wp-block-product-new wp-block-woocommerce-product-new wc-block-product-new has-4-columns\"><ul class=\"wc-block-grid__products\"><li class=\"wc-block-grid__product\">\n\t\t\t\t<a href=\"https:\/\/meridian-cross.com\/p4f\/produkt\/print4friends-5x-basisauftrag-discount\/\" class=\"wc-block-grid__product-link\">\n\t\t\t\t\t\n\t\t\t\t\t<div class=\"wc-block-grid__product-image\"><img loading=\"lazy\" decoding=\"async\" width=\"300\" height=\"300\" src=\"https:\/\/meridian-cross.com\/p4f\/wp-content\/uploads\/sites\/2\/2025\/09\/print4friends--300x300.png\" class=\"attachment-woocommerce_thumbnail size-woocommerce_thumbnail\" alt=\"print4friends - 5x Basisauftrag discount\" srcset=\"https:\/\/meridian-cross.com\/p4f\/wp-content\/uploads\/sites\/2\/2025\/09\/print4friends--300x300.png 300w, https:\/\/meridian-cross.com\/p4f\/wp-content\/uploads\/sites\/2\/2025\/09\/print4friends--150x150.png 150w, https:\/\/meridian-cross.com\/p4f\/wp-content\/uploads\/sites\/2\/2025\/09\/print4friends--100x100.png 100w, https:\/\/meridian-cross.com\/p4f\/wp-content\/uploads\/sites\/2\/2025\/09\/print4friends-.png 500w\" sizes=\"auto, (max-width: 300px) 100vw, 300px\" \/><\/div>\n\t\t\t\t\t<div class=\"wc-block-grid__product-title\">print4friends &#8211; 5x Basisauftrag discount<\/div>\n\t\t\t\t<\/a>\n\t\t\t\t<div class=\"wc-block-grid__product-price price\"><span class=\"woocommerce-Price-amount amount\">15,00&nbsp;<span class=\"woocommerce-Price-currencySymbol\">&euro;<\/span><\/span><\/div>\n\t\t\t\t\n\t\t\t\t<div class=\"wp-block-button wc-block-grid__product-add-to-cart\"><a href=\"\/p4f\/wp-json\/wp\/v2\/pages\/249?add-to-cart=572\" aria-label=\"In den Warenkorb legen: \u201eprint4friends - 5x Basisauftrag discount\u201c\" data-quantity=\"1\" data-product_id=\"572\" data-product_sku=\"\" data-price=\"15\" rel=\"nofollow\" class=\"wp-block-button__link  add_to_cart_button ajax_add_to_cart\">In den Warenkorb<\/a><\/div>\n\t\t\t<\/li><li class=\"wc-block-grid__product\">\n\t\t\t\t<a href=\"https:\/\/meridian-cross.com\/p4f\/produkt\/3d-print-eigenes-design\/\" class=\"wc-block-grid__product-link\">\n\t\t\t\t\t\n\t\t\t\t\t<div class=\"wc-block-grid__product-image\"><img loading=\"lazy\" decoding=\"async\" width=\"300\" height=\"300\" src=\"https:\/\/meridian-cross.com\/p4f\/wp-content\/uploads\/sites\/2\/2025\/09\/print4friends--300x300.png\" class=\"attachment-woocommerce_thumbnail size-woocommerce_thumbnail\" alt=\"3D-Print - eigenes Design\" srcset=\"https:\/\/meridian-cross.com\/p4f\/wp-content\/uploads\/sites\/2\/2025\/09\/print4friends--300x300.png 300w, https:\/\/meridian-cross.com\/p4f\/wp-content\/uploads\/sites\/2\/2025\/09\/print4friends--150x150.png 150w, https:\/\/meridian-cross.com\/p4f\/wp-content\/uploads\/sites\/2\/2025\/09\/print4friends--100x100.png 100w, https:\/\/meridian-cross.com\/p4f\/wp-content\/uploads\/sites\/2\/2025\/09\/print4friends-.png 500w\" sizes=\"auto, (max-width: 300px) 100vw, 300px\"><\/div>\n\t\t\t\t\t<div class=\"wc-block-grid__product-title\">3D-Print &#8211; eigenes Design<\/div>\n\t\t\t\t<\/a>\n\t\t\t\t<div class=\"wc-block-grid__product-price price\"><span class=\"woocommerce-Price-amount amount\">1,00&nbsp;<span class=\"woocommerce-Price-currencySymbol\">&euro;<\/span><\/span> <small class=\"woocommerce-price-suffix\">incl. 19% gesetzl. MwSt.<\/small><\/div><p class=\"wc-gzd-additional-info wc-gzd-additional-info-loop tax-info\">inkl. MwSt.<\/p><p class=\"wc-gzd-additional-info wc-gzd-additional-info-loop shipping-costs-info\">zzgl. <a href=\"\" target=\"_blank\">Versandkosten<\/a><\/p>\n\t\t\t\t\n\t\t\t\t<div class=\"wp-block-button wc-block-grid__product-add-to-cart\"><a href=\"https:\/\/meridian-cross.com\/p4f\/produkt\/3d-print-eigenes-design\/\" aria-label=\"W&auml;hlen Sie die Optionen f&uuml;r &bdquo;3D-Print - eigenes Design&ldquo;\" data-quantity=\"1\" data-product_id=\"197\" data-product_sku=\"\" data-price=\"1\" rel=\"nofollow\" class=\"wp-block-button__link  add_to_cart_button\">Ausf&uuml;hrung w&auml;hlen<\/a><\/div>\n\t\t\t<\/li>\n<\/ul><\/div><\/div>\n<\/div>\n","protected":false},"excerpt":{"rendered":"","protected":false},"author":1,"featured_media":0,"parent":0,"menu_order":0,"comment_status":"closed","ping_status":"closed","template":"","meta":{"footnotes":""},"class_list":["post-249","page","type-page","status-publish","hentry"],"jetpack_sharing_enabled":true,"_links":{"self":[{"href":"https:\/\/meridian-cross.com\/p4f\/wp-json\/wp\/v2\/pages\/249","targetHints":{"allow":["GET"]}}],"collection":[{"href":"https:\/\/meridian-cross.com\/p4f\/wp-json\/wp\/v2\/pages"}],"about":[{"href":"https:\/\/meridian-cross.com\/p4f\/wp-json\/wp\/v2\/types\/page"}],"author":[{"embeddable":true,"href":"https:\/\/meridian-cross.com\/p4f\/wp-json\/wp\/v2\/users\/1"}],"replies":[{"embeddable":true,"href":"https:\/\/meridian-cross.com\/p4f\/wp-json\/wp\/v2\/comments?post=249"}],"version-history":[{"count":2,"href":"https:\/\/meridian-cross.com\/p4f\/wp-json\/wp\/v2\/pages\/249\/revisions"}],"predecessor-version":[{"id":862,"href":"https:\/\/meridian-cross.com\/p4f\/wp-json\/wp\/v2\/pages\/249\/revisions\/862"}],"wp:attachment":[{"href":"https:\/\/meridian-cross.com\/p4f\/wp-json\/wp\/v2\/media?parent=249"}],"curies":[{"name":"wp","href":"https:\/\/api.w.org\/{rel}","templated":true}]}}