{"id":225,"date":"2025-09-21T21:55:35","date_gmt":"2025-09-21T19:55:35","guid":{"rendered":"https:\/\/meridian-cross.com\/p4f\/widerrufsbelehrung\/"},"modified":"2025-10-05T18:00:28","modified_gmt":"2025-10-05T16:00:28","slug":"widerrufsbelehrung","status":"publish","type":"page","link":"https:\/\/meridian-cross.com\/p4f\/widerrufsbelehrung\/","title":{"rendered":"Widerrufsbelehrung"},"content":{"rendered":"<div data-colibri-id=\"225-c1\" class=\"style-367 style-local-225-c1 position-relative\">\n  <!---->\n  <div data-colibri-component=\"section\" data-colibri-id=\"225-c2\" id=\"reusable-sections\" class=\"h-section h-section-global-spacing d-flex align-items-lg-center align-items-md-center align-items-center style-368 style-local-225-c2 position-relative\">\n    <!---->\n    <!---->\n    <div class=\"h-section-grid-container h-section-boxed-container\">\n      <!---->\n      <div data-colibri-id=\"225-c3\" class=\"h-row-container gutters-row-lg-3 gutters-row-md-3 gutters-row-0 gutters-row-v-lg-3 gutters-row-v-md-3 gutters-row-v-3 style-369 style-local-225-c3 position-relative\">\n        <!---->\n        <div class=\"h-row justify-content-lg-start justify-content-md-start justify-content-start align-items-lg-stretch align-items-md-stretch align-items-stretch gutters-col-lg-3 gutters-col-md-3 gutters-col-0 gutters-col-v-lg-3 gutters-col-v-md-3 gutters-col-v-3\">\n          <!---->\n          <div class=\"h-column h-column-container d-flex h-col-lg-auto h-col-md-auto h-col-auto style-370-outer style-local-225-c4-outer\">\n            <div data-colibri-id=\"225-c4\" class=\"d-flex h-flex-basis h-column__inner h-px-lg-0 h-px-md-0 h-px-2 v-inner-lg-0 v-inner-md-0 v-inner-2 style-370 style-local-225-c4 position-relative\">\n              <!---->\n              <!---->\n              <div class=\"w-100 h-y-container h-column__content h-column__v-align flex-basis-100 align-self-lg-center align-self-md-center align-self-center\">\n                <!---->\n                <div data-colibri-id=\"225-c5\" class=\"h-global-transition-all h-heading style-371 style-local-225-c5 position-relative h-element\">\n                  <!---->\n                  <div class=\"h-heading__outer style-371 style-local-225-c5\">\n                    <!---->\n                    <!---->\n                    <h2 class=\"\">Widerrufsbelehrung f\u00fcr <em style=\"font-weight: 400;\">print4friends<\/em>\n                      <br>by <span style=\"font-weight: 400;\">Meridian Cross UG (haftungsb.)<\/span><\/h2>\n                  <\/div>\n                <\/div>\n                <div data-colibri-id=\"225-c6\" class=\"h-text h-text-component style-372 style-local-225-c6 position-relative h-element\">\n                  <!---->\n                  <!---->\n                  <div class=\"\">\n                    <h4><em style=\"color: rgb(27, 28, 29); font-family: &quot;Google Sans Text&quot;, sans-serif;\">(Stand: 05. Oktober 2025)<\/em><\/h4>\n                    <h4>HINWEIS:\n                      <br>Die Besonderheit im 3D-Druck-Service (Ausschluss des Widerrufs)<\/h4>\n                    <p>Da unser Gesch\u00e4ftsmodell darauf basiert, <strong>individuelle Dateien des Kunden<\/strong> zu drucken, handelt es sich um eine <strong>Warenherstellung nach Kundenspezifikation<\/strong>. F\u00fcr solche Waren <strong>besteht grunds\u00e4tzlich kein gesetzliches Widerrufsrecht<\/strong>                      (\u00a7312g Abs. 2 Nr. 1 BGB):<\/p>\n                    <h3>Belehrung \u00fcber den Ausschluss des Widerrufsrechts (bei Datenupload durch den Kunden)<\/h3>\n                    <p>Sie haben <strong>kein Widerrufsrecht<\/strong> bei Vertr\u00e4gen zur Lieferung von Waren, die <strong>nicht vorgefertigt<\/strong> sind und f\u00fcr deren Herstellung eine <strong>individuelle Auswahl oder Bestimmung<\/strong> durch den Verbraucher\n                      ma\u00dfgeblich ist oder die eindeutig auf die <strong>pers\u00f6nlichen Bed\u00fcrfnisse<\/strong> des Verbrauchers zugeschnitten sind (\u00a7312g Abs. 2 Nr. 1 BGB).<\/p>\n                    <p>Da der 3D-Druck des von Ihnen bestellten Objekts <strong>speziell nach der von Ihnen hochgeladenen digitalen Vorlage<\/strong> (CAD-Datei) angefertigt wird und diese Ware nicht ohne weiteres weiterver\u00e4u\u00dfert werden kann, <strong>besteht kein gesetzliches Widerrufsrecht<\/strong>.<\/p>\n                    <h2>\n                      <br>\n                    <\/h2>\n                  <\/div>\n                <\/div>\n              <\/div>\n            <\/div>\n          <\/div>\n        <\/div>\n      <\/div>\n      <div data-colibri-id=\"225-c7\" class=\"h-row-container gutters-row-lg-2 gutters-row-md-2 gutters-row-0 gutters-row-v-lg-2 gutters-row-v-md-2 gutters-row-v-2 style-373 style-local-225-c7 position-relative\">\n        <!---->\n        <div class=\"h-row justify-content-lg-center justify-content-md-center justify-content-center align-items-lg-stretch align-items-md-stretch align-items-stretch gutters-col-lg-2 gutters-col-md-2 gutters-col-0 gutters-col-v-lg-2 gutters-col-v-md-2 gutters-col-v-2\">\n          <!---->\n          <div class=\"h-column h-column-container d-flex h-col-lg-auto h-col-md-auto h-col-auto style-374-outer style-local-225-c8-outer\">\n            <div data-colibri-id=\"225-c8\" class=\"d-flex h-flex-basis h-column__inner h-ui-empty-state-container h-px-lg-2 h-px-md-2 h-px-2 v-inner-lg-2 v-inner-md-2 v-inner-2 style-374 style-local-225-c8 position-relative\">\n              <!---->\n              <!---->\n              <div class=\"w-100 h-y-container h-column__content h-column__v-align flex-basis-100\">\n                <!---->\n              <\/div>\n            <\/div>\n          <\/div>\n        <\/div>\n      <\/div>\n    <\/div>\n  <\/div>\n<\/div>","protected":false},"excerpt":{"rendered":"<p>Widerrufsbelehrung f\u00fcr print4friends by Meridian Cross UG (haftungsb.) (Stand: 05. Oktober 2025) HINWEIS: Die Besonderheit im 3D-Druck-Service (Ausschluss des Widerrufs) Da unser Gesch\u00e4ftsmodell darauf basiert, individuelle Dateien des Kunden zu drucken, handelt es sich um eine Warenherstellung nach Kundenspezifikation. F\u00fcr solche Waren besteht grunds\u00e4tzlich kein gesetzliches Widerrufsrecht (\u00a7312g Abs. 2 Nr. 1 BGB): Belehrung \u00fcber [&hellip;]<\/p>\n","protected":false},"author":1,"featured_media":0,"parent":0,"menu_order":0,"comment_status":"closed","ping_status":"closed","template":"page-templates\/full-width-page.php","meta":{"footnotes":""},"class_list":["post-225","page","type-page","status-publish","hentry"],"jetpack_sharing_enabled":true,"_links":{"self":[{"href":"https:\/\/meridian-cross.com\/p4f\/wp-json\/wp\/v2\/pages\/225","targetHints":{"allow":["GET"]}}],"collection":[{"href":"https:\/\/meridian-cross.com\/p4f\/wp-json\/wp\/v2\/pages"}],"about":[{"href":"https:\/\/meridian-cross.com\/p4f\/wp-json\/wp\/v2\/types\/page"}],"author":[{"embeddable":true,"href":"https:\/\/meridian-cross.com\/p4f\/wp-json\/wp\/v2\/users\/1"}],"replies":[{"embeddable":true,"href":"https:\/\/meridian-cross.com\/p4f\/wp-json\/wp\/v2\/comments?post=225"}],"version-history":[{"count":3,"href":"https:\/\/meridian-cross.com\/p4f\/wp-json\/wp\/v2\/pages\/225\/revisions"}],"predecessor-version":[{"id":857,"href":"https:\/\/meridian-cross.com\/p4f\/wp-json\/wp\/v2\/pages\/225\/revisions\/857"}],"wp:attachment":[{"href":"https:\/\/meridian-cross.com\/p4f\/wp-json\/wp\/v2\/media?parent=225"}],"curies":[{"name":"wp","href":"https:\/\/api.w.org\/{rel}","templated":true}]}}