{"id":89,"date":"2025-11-12T18:24:44","date_gmt":"2025-11-12T17:24:44","guid":{"rendered":"https:\/\/meridian-cross.com\/hautnah\/impressum-datenschutz\/"},"modified":"2025-12-07T21:13:06","modified_gmt":"2025-12-07T20:13:06","slug":"impressum-datenschutz","status":"publish","type":"page","link":"https:\/\/meridian-cross.com\/hautnah\/impressum-datenschutz\/","title":{"rendered":"Impressum &#038; Datenschutz"},"content":{"rendered":"<div data-colibri-id=\"89-c1\" class=\"style-277 style-local-89-c1 position-relative\">\n  <!---->\n  <div data-colibri-component=\"section\" data-colibri-id=\"89-c2\" id=\"custom\" class=\"h-section h-section-global-spacing d-flex align-items-lg-center align-items-md-center align-items-center style-279 style-local-89-c2 position-relative\">\n    <!---->\n    <!---->\n    <div class=\"h-section-grid-container h-section-boxed-container\">\n      <!---->\n      <div data-colibri-id=\"89-c3\" class=\"h-row-container gutters-row-lg-2 gutters-row-md-2 gutters-row-0 gutters-row-v-lg-2 gutters-row-v-md-2 gutters-row-v-2 style-280 style-local-89-c3 position-relative\">\n        <!---->\n        <div class=\"h-row justify-content-lg-center justify-content-md-center justify-content-center align-items-lg-stretch align-items-md-stretch align-items-stretch gutters-col-lg-2 gutters-col-md-2 gutters-col-0 gutters-col-v-lg-2 gutters-col-v-md-2 gutters-col-v-2\">\n          <!---->\n          <div class=\"h-column h-column-container d-flex h-col-lg-auto h-col-md-auto h-col-auto style-281-outer style-local-89-c4-outer\">\n            <div data-colibri-id=\"89-c4\" class=\"d-flex h-flex-basis h-column__inner h-px-lg-2 h-px-md-2 h-px-2 v-inner-lg-2 v-inner-md-2 v-inner-2 style-281 style-local-89-c4 position-relative\">\n              <!---->\n              <!---->\n              <div class=\"w-100 h-y-container h-column__content h-column__v-align flex-basis-100 align-self-lg-start align-self-md-start align-self-start\">\n                <!---->\n                <div data-colibri-id=\"89-c5\" class=\"h-text h-text-component style-282 style-local-89-c5 position-relative h-element\">\n                  <!---->\n                  <!---->\n                  <div class=\"\">\n                    <p><span style=\"font-size: 170%; font-weight: 600; color: rgb(3, 0, 0);\">Anbieterkennzeichnung gem\u00e4\u00df \u00a75 Telemediengesetz<\/span><\/p>\n                    <p><span style=\"color: rgb(3, 0, 0); font-size: 150%; font-weight: 600;\">Verantwortlich f\u00fcr den Inhalt:<\/span><\/p>\n                    <p><span style=\"color: rgb(3, 0, 0);\">hautnah. by Genoveva<br>Alte Holstenstrasse 12<br>D-21031 Hamburg<\/span><\/p>\n                    <p><span style=\"color: rgb(3, 0, 0);\">tel. +49 (0)160 180 4006<br>email: mail@hautnah-hamburg.de<br>Internet: www.hautnah-hamburg.de<br><br><\/span><span style=\"color: rgb(3, 0, 0); font-weight: 600; font-size: 150%;\">Eintragungen:<\/span>\n                      <span\n                        style=\"color: rgb(3, 0, 0);\">\n                        <br>Steuer-ID: i. B.\n                        <br>Umsatzsteuerident-Nr: i. B.<\/span>\n                    <\/p>\n                    <p><span style=\"color: rgb(3, 0, 0); font-size: 150%; font-weight: 600;\">Hinweis zur Teilnahme am Streitbeilegungsverfahren:<\/span><\/p>\n                    <p><span style=\"color: rgb(3, 0, 0);\">Wir sind nicht bereit oder verpflichtet, an Streitbeilegungsverfahren vor einer Verbraucherschlichtungsstelle teilzunehmen.<\/span><\/p>\n                    <p><span style=\"font-size: 150%; color: rgb(3, 0, 0); font-weight: 600;\">Disclaimer \u2013 rechtliche Hinweise<\/span><\/p>\n                    <p><span style=\"color: rgb(3, 0, 0);\">1. Haftungsbeschr\u00e4nkung<br>Die Inhalte des Internetauftritts wurden mit gr\u00f6\u00dftm\u00f6glicher Sorgfalt und nach bestem Gewissen erstellt.<br>Dennoch \u00fcbernimmt der Anbieter dieser Webseite keine Gew\u00e4hr f\u00fcr die Aktualit\u00e4t, Vollst\u00e4ndigkeit und Richtigkeit der bereitgestellten Seiten und Inhalte.<\/span><\/p>\n                    <p><span style=\"color: rgb(3, 0, 0);\">Als Diensteanbieter ist der Anbieter dieser Webseite gem\u00e4\u00df \u00a7 7 Abs. 1 TMG f\u00fcr eigene Inhalte und bereitgestellte Informationen auf diesen Seiten nach den allgemeinen Gesetzen verantwortlich; nach den \u00a7\u00a7 8 bis 10 TMG jedoch nicht verpflichtet, die \u00fcbermittelten oder gespeicherten fremden Informationen zu \u00fcberwachen.<br>Eine Entfernung oder Sperrung dieser Inhalte erfolgt umgehend ab dem Zeitpunkt der Kenntnis einer konkreten Rechtsverletzung.<br>Eine Haftung ist erst ab dem Zeitpunkt der Kenntniserlangung m\u00f6glich.<\/span><\/p>\n                    <p><span style=\"color: rgb(3, 0, 0);\">2. Externe Links<br>Die Webseite enth\u00e4lt sog. \u201eexterne Links\u201c (Verlinkungen) zu anderen Webseiten, auf deren Inhalt der Anbieter der Webseite keinen Einfluss hat.<br>Aus diesem Grund kann der Anbieter f\u00fcr diese Inhalte auch keine Gew\u00e4hr \u00fcbernehmen.<br>F\u00fcr die Inhalte und Richtigkeit der bereitgestellten Informationen ist der jeweilige Anbieter der verlinkten Webseite verantwortlich.<br>Zum Zeitpunkt der Verlinkung waren keine Rechtsverst\u00f6\u00dfe erkennbar. Bei Bekanntwerden einer solchen Rechtsverletzung wird der Link umgehend entfernen.<\/span><\/p>\n                    <p><span style=\"color: rgb(3, 0, 0);\">3. Urheberrecht\/Leistungsschutzrecht<br>Die auf dieser Webseite ver\u00f6ffentlichten Inhalte, Werke und bereitgestellten Informationen unterliegen dem deutschen Urheberrecht und Leistungsschutzrecht. Jede Art der Vervielf\u00e4ltigung, Bearbeitung, Verbreitung, Einspeicherung und jede Art der Verwertung au\u00dferhalb der Grenzen des Urheberrechts bedarf der vorherigen schriftlichen Zustimmung des jeweiligen Rechteinhabers. Das unerlaubte Kopieren\/Speichern der bereitgestellten Informationen auf diesen Webseiten ist nicht gestattet und strafbar.<\/span><\/p>\n                    <p><span style=\"color: rgb(3, 0, 0);\">4. Datenschutz<br>Durch den Besuch des Internetauftritts k\u00f6nnen Informationen (Datum, Uhrzeit, aufgerufene Seite) \u00fcber den Zugriff auf dem Server gespeichert werden.<br>Es werden keine personenbezogenenen (z. B. Name, Anschrift oder E-Mail-Adresse) Daten, gespeichert.<\/span><\/p>\n                    <p><span style=\"color: rgb(3, 0, 0);\">Sofern personenbezogene Daten erhoben werden, erfolgt dies, sofern m\u00f6glich, nur mit dem vorherigen Einverst\u00e4ndnis des Nutzers der Webseite.<br>Eine Weitergabe der Daten an Dritte findet ohne ausdr\u00fcckliche Zustimmung des Nutzers nicht statt.<\/span><\/p>\n                    <p><span style=\"color: rgb(3, 0, 0);\">Der Anbieter weist darauf hin, dass die \u00dcbertragung von Daten im Internet (z. B. per E-Mail) Sicherheitsl\u00fccken aufweisen und ein l\u00fcckenloser Schutz der Daten vor dem Zugriff Dritter nicht gew\u00e4hrleistet werden kann.<br>Der Anbieter \u00fcbernimmt keine Haftung f\u00fcr die durch solche Sicherheitsl\u00fccken entstandenen Sch\u00e4den.<\/span><\/p>\n                    <p><span style=\"color: rgb(3, 0, 0);\">Der Verwendung der Kontaktdaten durch Dritte zur gewerblichen Nutzung wird ausdr\u00fccklich widersprochen. Es sei denn, der Anbieter hat zuvor seine schriftliche Einwilligung erteilt.<br>Der Anbieter beh\u00e4lt sich rechtliche Schritte f\u00fcr den Fall der unverlangten Zusendung von Werbeinformationen, z. B. durch Spam-Mails, vor.<\/span><\/p>\n                    <p><span style=\"color: rgb(3, 0, 0);\">Quelle:&nbsp;Mustervorlage.net<\/span><\/p>\n                    <p>\n                      <br>\n                    <\/p>\n                  <\/div>\n                <\/div>\n              <\/div>\n            <\/div>\n          <\/div>\n        <\/div>\n      <\/div>\n    <\/div>\n  <\/div>\n<\/div>","protected":false},"excerpt":{"rendered":"<p>Anbieterkennzeichnung gem\u00e4\u00df \u00a75 Telemediengesetz Verantwortlich f\u00fcr den Inhalt: hautnah. by GenovevaAlte Holstenstrasse 12D-21031 Hamburg tel. +49 (0)160 180 4006email: mail@hautnah-hamburg.deInternet: www.hautnah-hamburg.deEintragungen: Steuer-ID: i. B. Umsatzsteuerident-Nr: i. B. Hinweis zur Teilnahme am Streitbeilegungsverfahren: Wir sind nicht bereit oder verpflichtet, an Streitbeilegungsverfahren vor einer Verbraucherschlichtungsstelle teilzunehmen. Disclaimer \u2013 rechtliche Hinweise 1. Haftungsbeschr\u00e4nkungDie Inhalte des Internetauftritts wurden mit [&hellip;]<\/p>\n","protected":false},"author":1,"featured_media":0,"parent":0,"menu_order":0,"comment_status":"closed","ping_status":"closed","template":"page-templates\/full-width-page.php","meta":{"footnotes":""},"class_list":["post-89","page","type-page","status-publish","hentry"],"_links":{"self":[{"href":"https:\/\/meridian-cross.com\/hautnah\/wp-json\/wp\/v2\/pages\/89","targetHints":{"allow":["GET"]}}],"collection":[{"href":"https:\/\/meridian-cross.com\/hautnah\/wp-json\/wp\/v2\/pages"}],"about":[{"href":"https:\/\/meridian-cross.com\/hautnah\/wp-json\/wp\/v2\/types\/page"}],"author":[{"embeddable":true,"href":"https:\/\/meridian-cross.com\/hautnah\/wp-json\/wp\/v2\/users\/1"}],"replies":[{"embeddable":true,"href":"https:\/\/meridian-cross.com\/hautnah\/wp-json\/wp\/v2\/comments?post=89"}],"version-history":[{"count":7,"href":"https:\/\/meridian-cross.com\/hautnah\/wp-json\/wp\/v2\/pages\/89\/revisions"}],"predecessor-version":[{"id":1601,"href":"https:\/\/meridian-cross.com\/hautnah\/wp-json\/wp\/v2\/pages\/89\/revisions\/1601"}],"wp:attachment":[{"href":"https:\/\/meridian-cross.com\/hautnah\/wp-json\/wp\/v2\/media?parent=89"}],"curies":[{"name":"wp","href":"https:\/\/api.w.org\/{rel}","templated":true}]}}