{"id":1481,"date":"2025-11-16T19:58:48","date_gmt":"2025-11-16T18:58:48","guid":{"rendered":"https:\/\/meridian-cross.com\/hautnah\/?page_id=1481"},"modified":"2025-11-16T20:20:06","modified_gmt":"2025-11-16T19:20:06","slug":"einverstaendnis","status":"publish","type":"page","link":"https:\/\/meridian-cross.com\/hautnah\/einverstaendnis\/","title":{"rendered":"Formular f\u00fcr Einverst\u00e4ndniserkl\u00e4rungen"},"content":{"rendered":"<div data-colibri-id=\"1481-c1\" class=\"style-463 style-local-1481-c1 position-relative\">\n  <!---->\n  <div data-colibri-component=\"section\" data-colibri-id=\"1481-c2\" id=\"contact\" class=\"h-section h-section-global-spacing d-flex align-items-lg-center align-items-md-center align-items-center style-464 style-local-1481-c2 position-relative\">\n    <!---->\n    <!---->\n    <div class=\"h-section-grid-container h-section-boxed-container\">\n      <!---->\n      <div data-colibri-id=\"1481-c3\" class=\"h-row-container gutters-row-lg-0 gutters-row-md-0 gutters-row-0 gutters-row-v-lg-0 gutters-row-v-md-0 gutters-row-v-0 style-465 style-local-1481-c3 position-relative\">\n        <!---->\n        <div class=\"h-row justify-content-lg-center justify-content-md-center justify-content-center align-items-lg-stretch align-items-md-stretch align-items-stretch gutters-col-lg-0 gutters-col-md-0 gutters-col-0 gutters-col-v-lg-0 gutters-col-v-md-0 gutters-col-v-0\">\n          <!---->\n          <div class=\"h-column h-column-container d-flex h-col-lg-auto h-col-md-auto h-col-auto style-467-outer style-local-1481-c5-outer\">\n            <div data-colibri-id=\"1481-c5\" class=\"d-flex h-flex-basis h-column__inner h-px-lg-3 h-px-md-3 h-px-3 v-inner-lg-3 v-inner-md-3 v-inner-3 style-467 style-local-1481-c5 position-relative\">\n              <!---->\n              <!---->\n              <div class=\"w-100 h-y-container h-column__content h-column__v-align flex-basis-100 align-self-lg-end align-self-md-end align-self-end\">\n                <!---->\n                <div data-colibri-id=\"1481-c6\" class=\"h-global-transition-all h-heading style-468 style-local-1481-c6 position-relative h-element\">\n                  <!---->\n                  <div class=\"h-heading__outer style-468 style-local-1481-c6\">\n                    <!---->\n                    <!---->\n                    <h3 class=\"\">Formular \/ Einverst\u00e4ndniserkl\u00e4rung<\/h3>\n                  <\/div>\n                <\/div>\n                <div data-colibri-id=\"1481-c7\" class=\"h-contact-form__outer--forminator style-469 style-local-1481-c7 position-relative h-element\">\n                  <!---->\n                  <div class=\"h-global-transition-all h-global-transition h-global-transition-all h-contact-form-shortcode\"><form id=\"forminator-module-1484\" class=\"forminator-custom-form forminator-custom-form-1484\" method=\"post\" data-forminator-render=\"0\" data-uid=\"69dba58c6519e\"><div role=\"alert\" aria-live=\"polite\" class=\"forminator-response-message forminator-error\" aria-hidden=\"true\"><\/div><\/form><\/div>\n                <\/div>\n              <\/div>\n            <\/div>\n          <\/div>\n        <\/div>\n      <\/div>\n    <\/div>\n  <\/div>\n<\/div>","protected":false},"excerpt":{"rendered":"<p>Formular \/ Einverst\u00e4ndniserkl\u00e4rung<\/p>\n","protected":false},"author":1,"featured_media":0,"parent":0,"menu_order":0,"comment_status":"closed","ping_status":"closed","template":"page-templates\/full-width-page.php","meta":{"footnotes":""},"class_list":["post-1481","page","type-page","status-publish","hentry"],"_links":{"self":[{"href":"https:\/\/meridian-cross.com\/hautnah\/wp-json\/wp\/v2\/pages\/1481","targetHints":{"allow":["GET"]}}],"collection":[{"href":"https:\/\/meridian-cross.com\/hautnah\/wp-json\/wp\/v2\/pages"}],"about":[{"href":"https:\/\/meridian-cross.com\/hautnah\/wp-json\/wp\/v2\/types\/page"}],"author":[{"embeddable":true,"href":"https:\/\/meridian-cross.com\/hautnah\/wp-json\/wp\/v2\/users\/1"}],"replies":[{"embeddable":true,"href":"https:\/\/meridian-cross.com\/hautnah\/wp-json\/wp\/v2\/comments?post=1481"}],"version-history":[{"count":3,"href":"https:\/\/meridian-cross.com\/hautnah\/wp-json\/wp\/v2\/pages\/1481\/revisions"}],"predecessor-version":[{"id":1495,"href":"https:\/\/meridian-cross.com\/hautnah\/wp-json\/wp\/v2\/pages\/1481\/revisions\/1495"}],"wp:attachment":[{"href":"https:\/\/meridian-cross.com\/hautnah\/wp-json\/wp\/v2\/media?parent=1481"}],"curies":[{"name":"wp","href":"https:\/\/api.w.org\/{rel}","templated":true}]}}